{"id":20,"date":"2017-11-30T12:28:25","date_gmt":"2017-11-30T12:28:25","guid":{"rendered":"https:\/\/allin-kaminbau.at\/?page_id=20"},"modified":"2017-12-11T13:33:04","modified_gmt":"2017-12-11T13:33:04","slug":"aussenwandkamin","status":"publish","type":"page","link":"https:\/\/allin-kaminbau.at\/index.php\/aussenwandkamin\/","title":{"rendered":"AUSSENWANDKAMIN"},"content":{"rendered":"\n<style type=\"text\/css\" data-created_by=\"avia_inline_auto\" id=\"style-css-av-av_textblock-586e525e8b2f90af96d78819b81aa3fa\">\n#top .av_textblock_section.av-av_textblock-586e525e8b2f90af96d78819b81aa3fa .avia_textblock{\nfont-size:15px;\n}\n<\/style>\n<section  class='av_textblock_section av-av_textblock-586e525e8b2f90af96d78819b81aa3fa '   itemscope=\"itemscope\" itemtype=\"https:\/\/schema.org\/CreativeWork\" ><div class='avia_textblock'  itemprop=\"text\" ><article id=\"post-63\">\n<header>\n<h1><span style=\"color: #a81010;\">Aussenwandkamin<\/span><\/h1>\n<\/header>\n<p>Bei baulich nicht Errichtbarkeit eines Kamines sind wir in der Lage f\u00fcr Ihr Geb\u00e4ude einen an der Fassade gef\u00fchrten Kamin, anders auch genannt Aussenwandkamin, zu errichten.<\/p>\n<p>Bei der Errichtung des Aussenwandkamines verwenden wir stets gepr\u00fcftes Material von f\u00fchrenden Herstellern. Hierdurch erleichtert sich auch die Prozedur der Abnahme des Kamines.<\/p>\n<p>Preisbeispiel:6 Laufmeter inkl. Material und Arbeitszeit bei einer Ziegelwand*<br \/>\n<strong>EUR 2100,- (exkl. MwSt.)<\/strong><\/p>\n<p>* bei Beton- und Holzbauten k\u00f6nnen die Preise variieren.<\/p>\n<\/article>\n<\/div><\/section>\n\n","protected":false},"excerpt":{"rendered":"","protected":false},"author":1,"featured_media":0,"parent":0,"menu_order":0,"comment_status":"closed","ping_status":"closed","template":"","meta":{"footnotes":""},"class_list":["post-20","page","type-page","status-publish","hentry"],"yoast_head":"<!-- This site is optimized with the Yoast SEO plugin v27.5 - https:\/\/yoast.com\/product\/yoast-seo-wordpress\/ -->\n<title>AUSSENWANDKAMIN - Kaminbau All-In<\/title>\n<meta name=\"robots\" content=\"index, follow, max-snippet:-1, max-image-preview:large, max-video-preview:-1\" \/>\n<link rel=\"canonical\" href=\"https:\/\/allin-kaminbau.at\/index.php\/aussenwandkamin\/\" \/>\n<meta property=\"og:locale\" content=\"de_DE\" \/>\n<meta property=\"og:type\" content=\"article\" \/>\n<meta property=\"og:title\" content=\"AUSSENWANDKAMIN - Kaminbau All-In\" \/>\n<meta property=\"og:url\" content=\"https:\/\/allin-kaminbau.at\/index.php\/aussenwandkamin\/\" \/>\n<meta property=\"og:site_name\" content=\"Kaminbau All-In\" \/>\n<meta property=\"article:modified_time\" content=\"2017-12-11T13:33:04+00:00\" \/>\n<meta name=\"twitter:card\" content=\"summary_large_image\" \/>\n<meta name=\"twitter:label1\" content=\"Gesch\u00e4tzte Lesezeit\" \/>\n\t<meta name=\"twitter:data1\" content=\"1\u00a0Minute\" \/>\n<script type=\"application\/ld+json\" class=\"yoast-schema-graph\">{\"@context\":\"https:\\\/\\\/schema.org\",\"@graph\":[{\"@type\":\"WebPage\",\"@id\":\"https:\\\/\\\/allin-kaminbau.at\\\/index.php\\\/aussenwandkamin\\\/\",\"url\":\"https:\\\/\\\/allin-kaminbau.at\\\/index.php\\\/aussenwandkamin\\\/\",\"name\":\"AUSSENWANDKAMIN - Kaminbau All-In\",\"isPartOf\":{\"@id\":\"https:\\\/\\\/allin-kaminbau.at\\\/#website\"},\"datePublished\":\"2017-11-30T12:28:25+00:00\",\"dateModified\":\"2017-12-11T13:33:04+00:00\",\"breadcrumb\":{\"@id\":\"https:\\\/\\\/allin-kaminbau.at\\\/index.php\\\/aussenwandkamin\\\/#breadcrumb\"},\"inLanguage\":\"de\",\"potentialAction\":[{\"@type\":\"ReadAction\",\"target\":[\"https:\\\/\\\/allin-kaminbau.at\\\/index.php\\\/aussenwandkamin\\\/\"]}]},{\"@type\":\"BreadcrumbList\",\"@id\":\"https:\\\/\\\/allin-kaminbau.at\\\/index.php\\\/aussenwandkamin\\\/#breadcrumb\",\"itemListElement\":[{\"@type\":\"ListItem\",\"position\":1,\"name\":\"Home\",\"item\":\"https:\\\/\\\/allin-kaminbau.at\\\/\"},{\"@type\":\"ListItem\",\"position\":2,\"name\":\"AUSSENWANDKAMIN\"}]},{\"@type\":\"WebSite\",\"@id\":\"https:\\\/\\\/allin-kaminbau.at\\\/#website\",\"url\":\"https:\\\/\\\/allin-kaminbau.at\\\/\",\"name\":\"Kaminbau All-In\",\"description\":\"Kaminsanierungen und Ofenmontagen aller Art\",\"potentialAction\":[{\"@type\":\"SearchAction\",\"target\":{\"@type\":\"EntryPoint\",\"urlTemplate\":\"https:\\\/\\\/allin-kaminbau.at\\\/?s={search_term_string}\"},\"query-input\":{\"@type\":\"PropertyValueSpecification\",\"valueRequired\":true,\"valueName\":\"search_term_string\"}}],\"inLanguage\":\"de\"}]}<\/script>\n<!-- \/ Yoast SEO plugin. -->","yoast_head_json":{"title":"AUSSENWANDKAMIN - Kaminbau All-In","robots":{"index":"index","follow":"follow","max-snippet":"max-snippet:-1","max-image-preview":"max-image-preview:large","max-video-preview":"max-video-preview:-1"},"canonical":"https:\/\/allin-kaminbau.at\/index.php\/aussenwandkamin\/","og_locale":"de_DE","og_type":"article","og_title":"AUSSENWANDKAMIN - Kaminbau All-In","og_url":"https:\/\/allin-kaminbau.at\/index.php\/aussenwandkamin\/","og_site_name":"Kaminbau All-In","article_modified_time":"2017-12-11T13:33:04+00:00","twitter_card":"summary_large_image","twitter_misc":{"Gesch\u00e4tzte Lesezeit":"1\u00a0Minute"},"schema":{"@context":"https:\/\/schema.org","@graph":[{"@type":"WebPage","@id":"https:\/\/allin-kaminbau.at\/index.php\/aussenwandkamin\/","url":"https:\/\/allin-kaminbau.at\/index.php\/aussenwandkamin\/","name":"AUSSENWANDKAMIN - Kaminbau All-In","isPartOf":{"@id":"https:\/\/allin-kaminbau.at\/#website"},"datePublished":"2017-11-30T12:28:25+00:00","dateModified":"2017-12-11T13:33:04+00:00","breadcrumb":{"@id":"https:\/\/allin-kaminbau.at\/index.php\/aussenwandkamin\/#breadcrumb"},"inLanguage":"de","potentialAction":[{"@type":"ReadAction","target":["https:\/\/allin-kaminbau.at\/index.php\/aussenwandkamin\/"]}]},{"@type":"BreadcrumbList","@id":"https:\/\/allin-kaminbau.at\/index.php\/aussenwandkamin\/#breadcrumb","itemListElement":[{"@type":"ListItem","position":1,"name":"Home","item":"https:\/\/allin-kaminbau.at\/"},{"@type":"ListItem","position":2,"name":"AUSSENWANDKAMIN"}]},{"@type":"WebSite","@id":"https:\/\/allin-kaminbau.at\/#website","url":"https:\/\/allin-kaminbau.at\/","name":"Kaminbau All-In","description":"Kaminsanierungen und Ofenmontagen aller Art","potentialAction":[{"@type":"SearchAction","target":{"@type":"EntryPoint","urlTemplate":"https:\/\/allin-kaminbau.at\/?s={search_term_string}"},"query-input":{"@type":"PropertyValueSpecification","valueRequired":true,"valueName":"search_term_string"}}],"inLanguage":"de"}]}},"_links":{"self":[{"href":"https:\/\/allin-kaminbau.at\/index.php\/wp-json\/wp\/v2\/pages\/20","targetHints":{"allow":["GET"]}}],"collection":[{"href":"https:\/\/allin-kaminbau.at\/index.php\/wp-json\/wp\/v2\/pages"}],"about":[{"href":"https:\/\/allin-kaminbau.at\/index.php\/wp-json\/wp\/v2\/types\/page"}],"author":[{"embeddable":true,"href":"https:\/\/allin-kaminbau.at\/index.php\/wp-json\/wp\/v2\/users\/1"}],"replies":[{"embeddable":true,"href":"https:\/\/allin-kaminbau.at\/index.php\/wp-json\/wp\/v2\/comments?post=20"}],"version-history":[{"count":7,"href":"https:\/\/allin-kaminbau.at\/index.php\/wp-json\/wp\/v2\/pages\/20\/revisions"}],"predecessor-version":[{"id":297,"href":"https:\/\/allin-kaminbau.at\/index.php\/wp-json\/wp\/v2\/pages\/20\/revisions\/297"}],"wp:attachment":[{"href":"https:\/\/allin-kaminbau.at\/index.php\/wp-json\/wp\/v2\/media?parent=20"}],"curies":[{"name":"wp","href":"https:\/\/api.w.org\/{rel}","templated":true}]}}